{"id":1580,"date":"2020-06-24T07:32:27","date_gmt":"2020-06-24T07:32:27","guid":{"rendered":"https:\/\/ivs-vacuum.bredewold.dev\/pluimvee\/"},"modified":"2021-12-03T10:23:34","modified_gmt":"2021-12-03T10:23:34","slug":"gefluegel","status":"publish","type":"page","link":"https:\/\/ivs-vacuum.bredewold.dev\/de\/gefluegel\/","title":{"rendered":"Gefl\u00fcgel"},"content":{"rendered":"","protected":false},"excerpt":{"rendered":"","protected":false},"author":1,"featured_media":0,"parent":0,"menu_order":0,"comment_status":"closed","ping_status":"closed","template":"","meta":{"_acf_changed":false,"inline_featured_image":false,"footnotes":""},"categories":[],"class_list":["post-1580","page","type-page","status-publish","hentry"],"acf":[],"yoast_head":"<!-- This site is optimized with the Yoast SEO plugin v27.1.1 - https:\/\/yoast.com\/product\/yoast-seo-wordpress\/ -->\n<title>Gefl\u00fcgel - IVS Industrial Vacuum Systems<\/title>\n<meta name=\"description\" content=\"Sie suchen nach einer Vakuuml\u00f6sung f\u00fcr den Gefl\u00fcgelsektor? Bei IVS denken wir gerne mit Ihnen mit. Weitere Informationen finden Sie hier.\" \/>\n<meta name=\"robots\" content=\"noindex, follow, max-snippet:-1, max-image-preview:large, max-video-preview:-1\" \/>\n<meta property=\"og:locale\" content=\"de_DE\" \/>\n<meta property=\"og:type\" content=\"article\" \/>\n<meta property=\"og:title\" content=\"Gefl\u00fcgel - IVS Industrial Vacuum Systems\" \/>\n<meta property=\"og:description\" content=\"Sie suchen nach einer Vakuuml\u00f6sung f\u00fcr den Gefl\u00fcgelsektor? Bei IVS denken wir gerne mit Ihnen mit. Weitere Informationen finden Sie hier.\" \/>\n<meta property=\"og:url\" content=\"https:\/\/ivs-vacuum.bredewold.dev\/de\/gefluegel\/\" \/>\n<meta property=\"og:site_name\" content=\"IVS Industrial Vacuum Systems\" \/>\n<meta property=\"article:modified_time\" content=\"2021-12-03T10:23:34+00:00\" \/>\n<meta name=\"twitter:card\" content=\"summary_large_image\" \/>\n<script type=\"application\/ld+json\" class=\"yoast-schema-graph\">{\"@context\":\"https:\/\/schema.org\",\"@graph\":[{\"@type\":\"WebPage\",\"@id\":\"https:\/\/ivs-vacuum.bredewold.dev\/de\/gefluegel\/\",\"url\":\"https:\/\/ivs-vacuum.bredewold.dev\/de\/gefluegel\/\",\"name\":\"Gefl\u00fcgel - IVS Industrial Vacuum Systems\",\"isPartOf\":{\"@id\":\"https:\/\/ivs-vacuum.bredewold.dev\/#website\"},\"datePublished\":\"2020-06-24T07:32:27+00:00\",\"dateModified\":\"2021-12-03T10:23:34+00:00\",\"description\":\"Sie suchen nach einer Vakuuml\u00f6sung f\u00fcr den Gefl\u00fcgelsektor? Bei IVS denken wir gerne mit Ihnen mit. Weitere Informationen finden Sie hier.\",\"breadcrumb\":{\"@id\":\"https:\/\/ivs-vacuum.bredewold.dev\/de\/gefluegel\/#breadcrumb\"},\"inLanguage\":\"de\",\"potentialAction\":[{\"@type\":\"ReadAction\",\"target\":[\"https:\/\/ivs-vacuum.bredewold.dev\/de\/gefluegel\/\"]}]},{\"@type\":\"BreadcrumbList\",\"@id\":\"https:\/\/ivs-vacuum.bredewold.dev\/de\/gefluegel\/#breadcrumb\",\"itemListElement\":[{\"@type\":\"ListItem\",\"position\":1,\"name\":\"Home\",\"item\":\"https:\/\/ivs-vacuum.bredewold.dev\/de\/\"},{\"@type\":\"ListItem\",\"position\":2,\"name\":\"Gefl\u00fcgel\"}]},{\"@type\":\"WebSite\",\"@id\":\"https:\/\/ivs-vacuum.bredewold.dev\/#website\",\"url\":\"https:\/\/ivs-vacuum.bredewold.dev\/\",\"name\":\"IVS Industrial Vacuum Systems\",\"description\":\"Deskundig in innovatieve vacu\u00fcmtechnieken\",\"potentialAction\":[{\"@type\":\"SearchAction\",\"target\":{\"@type\":\"EntryPoint\",\"urlTemplate\":\"https:\/\/ivs-vacuum.bredewold.dev\/?s={search_term_string}\"},\"query-input\":{\"@type\":\"PropertyValueSpecification\",\"valueRequired\":true,\"valueName\":\"search_term_string\"}}],\"inLanguage\":\"de\"}]}<\/script>\n<!-- \/ Yoast SEO plugin. -->","yoast_head_json":{"title":"Gefl\u00fcgel - IVS Industrial Vacuum Systems","description":"Sie suchen nach einer Vakuuml\u00f6sung f\u00fcr den Gefl\u00fcgelsektor? Bei IVS denken wir gerne mit Ihnen mit. Weitere Informationen finden Sie hier.","robots":{"index":"noindex","follow":"follow","max-snippet":"max-snippet:-1","max-image-preview":"max-image-preview:large","max-video-preview":"max-video-preview:-1"},"og_locale":"de_DE","og_type":"article","og_title":"Gefl\u00fcgel - IVS Industrial Vacuum Systems","og_description":"Sie suchen nach einer Vakuuml\u00f6sung f\u00fcr den Gefl\u00fcgelsektor? Bei IVS denken wir gerne mit Ihnen mit. Weitere Informationen finden Sie hier.","og_url":"https:\/\/ivs-vacuum.bredewold.dev\/de\/gefluegel\/","og_site_name":"IVS Industrial Vacuum Systems","article_modified_time":"2021-12-03T10:23:34+00:00","twitter_card":"summary_large_image","schema":{"@context":"https:\/\/schema.org","@graph":[{"@type":"WebPage","@id":"https:\/\/ivs-vacuum.bredewold.dev\/de\/gefluegel\/","url":"https:\/\/ivs-vacuum.bredewold.dev\/de\/gefluegel\/","name":"Gefl\u00fcgel - IVS Industrial Vacuum Systems","isPartOf":{"@id":"https:\/\/ivs-vacuum.bredewold.dev\/#website"},"datePublished":"2020-06-24T07:32:27+00:00","dateModified":"2021-12-03T10:23:34+00:00","description":"Sie suchen nach einer Vakuuml\u00f6sung f\u00fcr den Gefl\u00fcgelsektor? Bei IVS denken wir gerne mit Ihnen mit. Weitere Informationen finden Sie hier.","breadcrumb":{"@id":"https:\/\/ivs-vacuum.bredewold.dev\/de\/gefluegel\/#breadcrumb"},"inLanguage":"de","potentialAction":[{"@type":"ReadAction","target":["https:\/\/ivs-vacuum.bredewold.dev\/de\/gefluegel\/"]}]},{"@type":"BreadcrumbList","@id":"https:\/\/ivs-vacuum.bredewold.dev\/de\/gefluegel\/#breadcrumb","itemListElement":[{"@type":"ListItem","position":1,"name":"Home","item":"https:\/\/ivs-vacuum.bredewold.dev\/de\/"},{"@type":"ListItem","position":2,"name":"Gefl\u00fcgel"}]},{"@type":"WebSite","@id":"https:\/\/ivs-vacuum.bredewold.dev\/#website","url":"https:\/\/ivs-vacuum.bredewold.dev\/","name":"IVS Industrial Vacuum Systems","description":"Deskundig in innovatieve vacu\u00fcmtechnieken","potentialAction":[{"@type":"SearchAction","target":{"@type":"EntryPoint","urlTemplate":"https:\/\/ivs-vacuum.bredewold.dev\/?s={search_term_string}"},"query-input":{"@type":"PropertyValueSpecification","valueRequired":true,"valueName":"search_term_string"}}],"inLanguage":"de"}]}},"_links":{"self":[{"href":"https:\/\/ivs-vacuum.bredewold.dev\/de\/wp-json\/wp\/v2\/pages\/1580","targetHints":{"allow":["GET"]}}],"collection":[{"href":"https:\/\/ivs-vacuum.bredewold.dev\/de\/wp-json\/wp\/v2\/pages"}],"about":[{"href":"https:\/\/ivs-vacuum.bredewold.dev\/de\/wp-json\/wp\/v2\/types\/page"}],"author":[{"embeddable":true,"href":"https:\/\/ivs-vacuum.bredewold.dev\/de\/wp-json\/wp\/v2\/users\/1"}],"replies":[{"embeddable":true,"href":"https:\/\/ivs-vacuum.bredewold.dev\/de\/wp-json\/wp\/v2\/comments?post=1580"}],"version-history":[{"count":5,"href":"https:\/\/ivs-vacuum.bredewold.dev\/de\/wp-json\/wp\/v2\/pages\/1580\/revisions"}],"predecessor-version":[{"id":1806,"href":"https:\/\/ivs-vacuum.bredewold.dev\/de\/wp-json\/wp\/v2\/pages\/1580\/revisions\/1806"}],"wp:attachment":[{"href":"https:\/\/ivs-vacuum.bredewold.dev\/de\/wp-json\/wp\/v2\/media?parent=1580"}],"wp:term":[{"taxonomy":"category","embeddable":true,"href":"https:\/\/ivs-vacuum.bredewold.dev\/de\/wp-json\/wp\/v2\/categories?post=1580"}],"curies":[{"name":"wp","href":"https:\/\/api.w.org\/{rel}","templated":true}]}}