{"id":1563,"date":"2020-05-29T10:18:59","date_gmt":"2020-05-29T10:18:59","guid":{"rendered":"https:\/\/ivs-vacuum.bredewold.dev\/home\/"},"modified":"2021-12-03T10:12:31","modified_gmt":"2021-12-03T10:12:31","slug":"home","status":"publish","type":"page","link":"https:\/\/ivs-vacuum.bredewold.dev\/de\/","title":{"rendered":"Home"},"content":{"rendered":"","protected":false},"excerpt":{"rendered":"","protected":false},"author":1,"featured_media":0,"parent":0,"menu_order":0,"comment_status":"closed","ping_status":"closed","template":"front-page.php","meta":{"_acf_changed":false,"inline_featured_image":false,"footnotes":""},"categories":[],"class_list":["post-1563","page","type-page","status-publish","hentry"],"acf":[],"yoast_head":"<!-- This site is optimized with the Yoast SEO plugin v27.1.1 - https:\/\/yoast.com\/product\/yoast-seo-wordpress\/ -->\n<title>Industrial Vacuum Systems | Experten f\u00fcr innovative Vakuumtechnologien<\/title>\n<meta name=\"description\" content=\"Industrial Vacuum Systems entwickelt, baut und testet fertige und ma\u00dfgeschneiderte Vakuumsysteme mit hohem Standard. F\u00fcr jedes einzigartige Vakuumproblem.\" \/>\n<meta name=\"robots\" content=\"noindex, follow, max-snippet:-1, max-image-preview:large, max-video-preview:-1\" \/>\n<meta property=\"og:locale\" content=\"de_DE\" \/>\n<meta property=\"og:type\" content=\"article\" \/>\n<meta property=\"og:title\" content=\"Industrial Vacuum Systems | Experten f\u00fcr innovative Vakuumtechnologien\" \/>\n<meta property=\"og:description\" content=\"Industrial Vacuum Systems entwickelt, baut und testet fertige und ma\u00dfgeschneiderte Vakuumsysteme mit hohem Standard. F\u00fcr jedes einzigartige Vakuumproblem.\" \/>\n<meta property=\"og:url\" content=\"https:\/\/ivs-vacuum.bredewold.dev\/de\/\" \/>\n<meta property=\"og:site_name\" content=\"IVS Industrial Vacuum Systems\" \/>\n<meta property=\"article:modified_time\" content=\"2021-12-03T10:12:31+00:00\" \/>\n<meta name=\"twitter:card\" content=\"summary_large_image\" \/>\n<script type=\"application\/ld+json\" class=\"yoast-schema-graph\">{\"@context\":\"https:\/\/schema.org\",\"@graph\":[{\"@type\":\"WebPage\",\"@id\":\"https:\/\/ivs-vacuum.bredewold.dev\/de\/\",\"url\":\"https:\/\/ivs-vacuum.bredewold.dev\/de\/\",\"name\":\"Industrial Vacuum Systems | Experten f\u00fcr innovative Vakuumtechnologien\",\"isPartOf\":{\"@id\":\"https:\/\/ivs-vacuum.bredewold.dev\/#website\"},\"datePublished\":\"2020-05-29T10:18:59+00:00\",\"dateModified\":\"2021-12-03T10:12:31+00:00\",\"description\":\"Industrial Vacuum Systems entwickelt, baut und testet fertige und ma\u00dfgeschneiderte Vakuumsysteme mit hohem Standard. F\u00fcr jedes einzigartige Vakuumproblem.\",\"breadcrumb\":{\"@id\":\"https:\/\/ivs-vacuum.bredewold.dev\/de\/#breadcrumb\"},\"inLanguage\":\"de\",\"potentialAction\":[{\"@type\":\"ReadAction\",\"target\":[\"https:\/\/ivs-vacuum.bredewold.dev\/de\/\"]}]},{\"@type\":\"BreadcrumbList\",\"@id\":\"https:\/\/ivs-vacuum.bredewold.dev\/de\/#breadcrumb\",\"itemListElement\":[{\"@type\":\"ListItem\",\"position\":1,\"name\":\"Home\",\"item\":\"https:\/\/ivs-vacuum.bredewold.dev\/de\/\"},{\"@type\":\"ListItem\",\"position\":2,\"name\":\"Home\"}]},{\"@type\":\"WebSite\",\"@id\":\"https:\/\/ivs-vacuum.bredewold.dev\/#website\",\"url\":\"https:\/\/ivs-vacuum.bredewold.dev\/\",\"name\":\"IVS Industrial Vacuum Systems\",\"description\":\"Deskundig in innovatieve vacu\u00fcmtechnieken\",\"potentialAction\":[{\"@type\":\"SearchAction\",\"target\":{\"@type\":\"EntryPoint\",\"urlTemplate\":\"https:\/\/ivs-vacuum.bredewold.dev\/?s={search_term_string}\"},\"query-input\":{\"@type\":\"PropertyValueSpecification\",\"valueRequired\":true,\"valueName\":\"search_term_string\"}}],\"inLanguage\":\"de\"}]}<\/script>\n<!-- \/ Yoast SEO plugin. -->","yoast_head_json":{"title":"Industrial Vacuum Systems | Experten f\u00fcr innovative Vakuumtechnologien","description":"Industrial Vacuum Systems entwickelt, baut und testet fertige und ma\u00dfgeschneiderte Vakuumsysteme mit hohem Standard. F\u00fcr jedes einzigartige Vakuumproblem.","robots":{"index":"noindex","follow":"follow","max-snippet":"max-snippet:-1","max-image-preview":"max-image-preview:large","max-video-preview":"max-video-preview:-1"},"og_locale":"de_DE","og_type":"article","og_title":"Industrial Vacuum Systems | Experten f\u00fcr innovative Vakuumtechnologien","og_description":"Industrial Vacuum Systems entwickelt, baut und testet fertige und ma\u00dfgeschneiderte Vakuumsysteme mit hohem Standard. F\u00fcr jedes einzigartige Vakuumproblem.","og_url":"https:\/\/ivs-vacuum.bredewold.dev\/de\/","og_site_name":"IVS Industrial Vacuum Systems","article_modified_time":"2021-12-03T10:12:31+00:00","twitter_card":"summary_large_image","schema":{"@context":"https:\/\/schema.org","@graph":[{"@type":"WebPage","@id":"https:\/\/ivs-vacuum.bredewold.dev\/de\/","url":"https:\/\/ivs-vacuum.bredewold.dev\/de\/","name":"Industrial Vacuum Systems | Experten f\u00fcr innovative Vakuumtechnologien","isPartOf":{"@id":"https:\/\/ivs-vacuum.bredewold.dev\/#website"},"datePublished":"2020-05-29T10:18:59+00:00","dateModified":"2021-12-03T10:12:31+00:00","description":"Industrial Vacuum Systems entwickelt, baut und testet fertige und ma\u00dfgeschneiderte Vakuumsysteme mit hohem Standard. F\u00fcr jedes einzigartige Vakuumproblem.","breadcrumb":{"@id":"https:\/\/ivs-vacuum.bredewold.dev\/de\/#breadcrumb"},"inLanguage":"de","potentialAction":[{"@type":"ReadAction","target":["https:\/\/ivs-vacuum.bredewold.dev\/de\/"]}]},{"@type":"BreadcrumbList","@id":"https:\/\/ivs-vacuum.bredewold.dev\/de\/#breadcrumb","itemListElement":[{"@type":"ListItem","position":1,"name":"Home","item":"https:\/\/ivs-vacuum.bredewold.dev\/de\/"},{"@type":"ListItem","position":2,"name":"Home"}]},{"@type":"WebSite","@id":"https:\/\/ivs-vacuum.bredewold.dev\/#website","url":"https:\/\/ivs-vacuum.bredewold.dev\/","name":"IVS Industrial Vacuum Systems","description":"Deskundig in innovatieve vacu\u00fcmtechnieken","potentialAction":[{"@type":"SearchAction","target":{"@type":"EntryPoint","urlTemplate":"https:\/\/ivs-vacuum.bredewold.dev\/?s={search_term_string}"},"query-input":{"@type":"PropertyValueSpecification","valueRequired":true,"valueName":"search_term_string"}}],"inLanguage":"de"}]}},"_links":{"self":[{"href":"https:\/\/ivs-vacuum.bredewold.dev\/de\/wp-json\/wp\/v2\/pages\/1563","targetHints":{"allow":["GET"]}}],"collection":[{"href":"https:\/\/ivs-vacuum.bredewold.dev\/de\/wp-json\/wp\/v2\/pages"}],"about":[{"href":"https:\/\/ivs-vacuum.bredewold.dev\/de\/wp-json\/wp\/v2\/types\/page"}],"author":[{"embeddable":true,"href":"https:\/\/ivs-vacuum.bredewold.dev\/de\/wp-json\/wp\/v2\/users\/1"}],"replies":[{"embeddable":true,"href":"https:\/\/ivs-vacuum.bredewold.dev\/de\/wp-json\/wp\/v2\/comments?post=1563"}],"version-history":[{"count":5,"href":"https:\/\/ivs-vacuum.bredewold.dev\/de\/wp-json\/wp\/v2\/pages\/1563\/revisions"}],"predecessor-version":[{"id":1784,"href":"https:\/\/ivs-vacuum.bredewold.dev\/de\/wp-json\/wp\/v2\/pages\/1563\/revisions\/1784"}],"wp:attachment":[{"href":"https:\/\/ivs-vacuum.bredewold.dev\/de\/wp-json\/wp\/v2\/media?parent=1563"}],"wp:term":[{"taxonomy":"category","embeddable":true,"href":"https:\/\/ivs-vacuum.bredewold.dev\/de\/wp-json\/wp\/v2\/categories?post=1563"}],"curies":[{"name":"wp","href":"https:\/\/api.w.org\/{rel}","templated":true}]}}